{"id":2830,"date":"2014-11-01T14:14:11","date_gmt":"2014-11-01T13:14:11","guid":{"rendered":"http:\/\/localhost:8888\/wordpress\/?page_id=2830"},"modified":"2024-12-24T12:28:53","modified_gmt":"2024-12-24T11:28:53","slug":"a-propos","status":"publish","type":"page","link":"https:\/\/www.lesmoustachesenvadrouille.com\/es\/a-propos\/","title":{"rendered":"A proposito"},"content":{"rendered":"<div data-elementor-type=\"wp-page\" data-elementor-id=\"2830\" class=\"elementor elementor-2830\" data-elementor-post-type=\"page\">\n\t\t\t\t<div class=\"elementor-element elementor-element-33070d7 e-flex e-con-boxed e-con e-parent\" data-id=\"33070d7\" data-element_type=\"container\" data-e-type=\"container\" data-settings=\"{&quot;background_background&quot;:&quot;classic&quot;}\">\n\t\t\t\t\t<div class=\"e-con-inner\">\n\t\t\t\t<div class=\"elementor-element elementor-element-cc210ef elementor-widget elementor-widget-text-editor\" data-id=\"cc210ef\" data-element_type=\"widget\" data-e-type=\"widget\" data-widget_type=\"text-editor.default\">\n\t\t\t\t<div class=\"elementor-widget-container\">\n\t\t\t\t\t\t\t\t\t<p>Les Moustaches en vadrouille (Los paseos de los bigotes) es un blog de voaje cr\u00e9ado en 2014.<\/p><p>Soy aficionado a los destinos poco conocidos, me gusta dar relevancia a lugares singulares y prefiero los itinerarios originales y las experiencias \u00fanicas o ins\u00f3litas.<\/p><p>Con un estilo polifac\u00e9tico, ya sea en el coraz\u00f3n palpitante de una ciudad o frente a un paisaje impresionante, abordo cada paseo, viaje o experiencia con un gran cuidado est\u00e9tico, para revelarles estas joyas ocultas a trav\u00e9s de palabras e im\u00e1genes elegidas.<\/p><h3 style=\"text-align: left;\">Un toque de evasi\u00f3n<\/h3><p style=\"text-align: left;\">El viaje es como un remedio para el alma y el coraz\u00f3n, un espacio de di\u00e1logo en torno a un sue\u00f1o compartido: la sed de descubrir, tanto a uno mismo como al otro.<\/p><p style=\"text-align: left;\">El contacto con las personas siempre es el motor de mi proyecto, no dud\u00e9is en <a href=\"\/www.lesmoustachesenvadrouille.com\/contact\/\" target=\"_blank\" rel=\"noopener noreferrer\">dejarme un mensajito !<\/a><\/p>\t\t\t\t\t\t\t\t<\/div>\n\t\t\t\t<\/div>\n\t\t\t\t<div class=\"elementor-element elementor-element-f9363a9 elementor-widget elementor-widget-image\" data-id=\"f9363a9\" data-element_type=\"widget\" data-e-type=\"widget\" data-widget_type=\"image.default\">\n\t\t\t\t<div class=\"elementor-widget-container\">\n\t\t\t\t\t\t\t\t\t\t\t\t\t\t\t<img fetchpriority=\"high\" decoding=\"async\" width=\"768\" height=\"512\" src=\"https:\/\/www.lesmoustachesenvadrouille.com\/wp-content\/uploads\/sabinekley-voyage-maroc-marrakech-atay-cafe-rooftop-sabine-768x512.jpg\" class=\"attachment-medium_large size-medium_large wp-image-27133\" alt=\"Sabine et son chapeau \u00e0 l&#039;Atay caf\u00e9 \u00e0 Marrackech\" srcset=\"https:\/\/www.lesmoustachesenvadrouille.com\/wp-content\/uploads\/sabinekley-voyage-maroc-marrakech-atay-cafe-rooftop-sabine-768x512.jpg 768w, https:\/\/www.lesmoustachesenvadrouille.com\/wp-content\/uploads\/sabinekley-voyage-maroc-marrakech-atay-cafe-rooftop-sabine-1024x683.jpg 1024w, https:\/\/www.lesmoustachesenvadrouille.com\/wp-content\/uploads\/sabinekley-voyage-maroc-marrakech-atay-cafe-rooftop-sabine-350x233.jpg 350w, https:\/\/www.lesmoustachesenvadrouille.com\/wp-content\/uploads\/sabinekley-voyage-maroc-marrakech-atay-cafe-rooftop-sabine-1536x1024.jpg 1536w, https:\/\/www.lesmoustachesenvadrouille.com\/wp-content\/uploads\/sabinekley-voyage-maroc-marrakech-atay-cafe-rooftop-sabine.jpg 2048w\" sizes=\"(max-width: 768px) 100vw, 768px\" \/>\t\t\t\t\t\t\t\t\t\t\t\t\t\t\t<\/div>\n\t\t\t\t<\/div>\n\t\t\t\t<div class=\"elementor-element elementor-element-eed6bbf elementor-widget elementor-widget-text-editor\" data-id=\"eed6bbf\" data-element_type=\"widget\" data-e-type=\"widget\" data-widget_type=\"text-editor.default\">\n\t\t\t\t<div class=\"elementor-widget-container\">\n\t\t\t\t\t\t\t\t\t<h3 style=\"text-align: left;\">Soy Sabine, directora art\u00edstica, dise\u00f1adora gr\u00e1fica y fot\u00f3grafa<\/h3><p style=\"text-align: left;\">Ce blog est la porte par laquelle je passe lorsque j&rsquo;ai besoin de m&rsquo;\u00e9vader, au sens propre (voyager pour de vrai) comme au figur\u00e9 (la creative director, la r\u00e9dactrice, la retoucheuse, c&rsquo;est moi).\u00a0<br \/>Cada mes, son 2000 personas quienes encuentran inspiraci\u00f3n para su pr\u00f3xima escapada a trav\u00e9s de mis fotos, relatos y consejos.<br \/><a href=\"https:\/\/www.linkedin.com\/in\/sabinekley\/\" target=\"_blank\" rel=\"noopener\">Mi perfil Linkedin<\/a><br \/><br \/>Sin embargo, este blog me ha ense\u00f1ado much\u00edsimo y, sobre todo, a aplicar en mi propio caso lo que llevo haciendo por los dem\u00e1s desde hace veinte a\u00f1os.<\/p><p style=\"text-align: left;\">Fue un programa de intercambio escolar de tres semanas en Nueva York, cuando ten\u00eda 10 a\u00f1os, lo que despert\u00f3 en m\u00ed la pasi\u00f3n por los viajes y la fotograf\u00eda.<\/p><p style=\"text-align: left;\">Mi mam\u00e1, una mujer independiente y audaz, sol\u00eda viajar a lugares lejanos (en aquella \u00e9poca no era tan f\u00e1cil como hoy en d\u00eda). De un viaje en 4\u00d74 por Marruecos, un d\u00eda trajo arena del S\u00e1hara. Yo me pasaba los d\u00edas so\u00f1ando con esos destinos tan diferentes del mundo que yo conoc\u00eda.<br \/>Tras una infancia entre la alfombra roja de Cannes y la tranquila serenidad de la regi\u00f3n de Dr\u00f4me, me mud\u00e9 a Par\u00eds, donde viv\u00ed durante diez a\u00f1os y empec\u00e9 a viajar.<\/p><p>Dar luz a mi hijo fue el punto de inflexi\u00f3n: me voy a Espa\u00f1a, rumbo a <a href=\"https:\/\/www.lesmoustachesenvadrouille.com\/paris-je-te-quitte\/\" target=\"_blank\" rel=\"noopener noreferrer\"><strong>Barcelona<\/strong><\/a> donde vivimos 7 a\u00f1os!<br \/>2024, una vuelta a los comienzos, \u00a1Cannes ser\u00e1 mi punto de salida para nuevas aventuras!<\/p>\t\t\t\t\t\t\t\t<\/div>\n\t\t\t\t<\/div>\n\t\t\t\t\t<\/div>\n\t\t\t\t<\/div>\n\t\t<div class=\"elementor-element elementor-element-350b763 e-flex e-con-boxed e-con e-parent\" data-id=\"350b763\" data-element_type=\"container\" data-e-type=\"container\" data-settings=\"{&quot;background_background&quot;:&quot;classic&quot;}\">\n\t\t\t\t\t<div class=\"e-con-inner\">\n\t\t<div class=\"elementor-element elementor-element-de81564 e-con-full e-flex e-con e-child\" data-id=\"de81564\" data-element_type=\"container\" data-e-type=\"container\" data-settings=\"{&quot;background_background&quot;:&quot;classic&quot;}\">\n\t\t\t\t<div class=\"elementor-element elementor-element-87b8ca1 elementor-widget elementor-widget-heading\" data-id=\"87b8ca1\" data-element_type=\"widget\" data-e-type=\"widget\" data-widget_type=\"heading.default\">\n\t\t\t\t<div class=\"elementor-widget-container\">\n\t\t\t\t\t<h2 class=\"elementor-heading-title elementor-size-default\">Colaboraciones, patrocinios y otras solicitudes<\/h2>\t\t\t\t<\/div>\n\t\t\t\t<\/div>\n\t\t\t\t<div class=\"elementor-element elementor-element-1fd7327 elementor-widget elementor-widget-text-editor\" data-id=\"1fd7327\" data-element_type=\"widget\" data-e-type=\"widget\" data-widget_type=\"text-editor.default\">\n\t\t\t\t<div class=\"elementor-widget-container\">\n\t\t\t\t\t\t\t\t\t<p style=\"text-align: center;\">Encontraras <a href=\"https:\/\/www.lesmoustachesenvadrouille.com\/partenariat-blog-voyage\/\">por aqui<\/a>\u00a0una p\u00e1gina en la que te explico c\u00f3mo funciona mi blog y c\u00f3mo colaboro con las marcas.<\/p>\t\t\t\t\t\t\t\t<\/div>\n\t\t\t\t<\/div>\n\t\t\t\t<\/div>\n\t\t\t\t\t<\/div>\n\t\t\t\t<\/div>\n\t\t\t\t<\/div>","protected":false},"excerpt":{"rendered":"<p>Les Moustaches en vadrouille est un blog voyage cr\u00e9\u00e9 en 2014. J&rsquo;appr\u00e9cie les destinations confidentielles, faire la part belle \u00e0 des lieux singuliers, et accorde ma pr\u00e9f\u00e9rence \u00e0 des itin\u00e9raires originaux, des exp\u00e9riences uniques ou insolites. Dans un style pluriel, au coeur vibrant d&rsquo;une ville ou face \u00e0 un paysage \u00e9tourdissant, j&rsquo;aborde chaque balade, voyage, [&hellip;]<\/p>\n","protected":false},"author":1,"featured_media":0,"parent":0,"menu_order":0,"comment_status":"closed","ping_status":"closed","template":"elementor_header_footer","meta":{"footnotes":""},"class_list":["post-2830","page","type-page","status-publish","hentry"],"yoast_head":"<!-- This site is optimized with the Yoast SEO plugin v27.3 - https:\/\/yoast.com\/product\/yoast-seo-wordpress\/ -->\n<title>A propos \u2022 Les Moustaches en vadrouille<\/title>\n<meta name=\"description\" content=\"Moi c&#039;est Sabine. Directrice artistique &amp; Blogueuse, amoureuse de la vie et des jolies choses, je vous livre sur mon blog tous mes coups en voyage\" \/>\n<meta name=\"robots\" content=\"index, follow, max-snippet:-1, max-image-preview:large, max-video-preview:-1\" \/>\n<link rel=\"canonical\" href=\"https:\/\/www.lesmoustachesenvadrouille.com\/es\/a-propos\/\" \/>\n<meta property=\"og:locale\" content=\"es_ES\" \/>\n<meta property=\"og:type\" content=\"article\" \/>\n<meta property=\"og:title\" content=\"A propos \u2022 Les Moustaches en vadrouille\" \/>\n<meta property=\"og:description\" content=\"Moi c&#039;est Sabine. Directrice artistique &amp; Blogueuse, amoureuse de la vie et des jolies choses, je vous livre sur mon blog tous mes coups en voyage\" \/>\n<meta property=\"og:url\" content=\"https:\/\/www.lesmoustachesenvadrouille.com\/es\/a-propos\/\" \/>\n<meta property=\"og:site_name\" content=\"Les moustaches en vadrouille\" \/>\n<meta property=\"article:publisher\" content=\"https:\/\/www.facebook.com\/lesmoustachesenvadrouille\/\" \/>\n<meta property=\"article:modified_time\" content=\"2024-12-24T11:28:53+00:00\" \/>\n<meta property=\"og:image\" content=\"https:\/\/www.lesmoustachesenvadrouille.com\/wp-content\/uploads\/sabinekley-voyage-maroc-marrakech-atay-cafe-rooftop-sabine-768x512.jpg\" \/>\n<meta name=\"twitter:card\" content=\"summary_large_image\" \/>\n<meta name=\"twitter:label1\" content=\"Tiempo de lectura\" \/>\n\t<meta name=\"twitter:data1\" content=\"2 minutos\" \/>\n<script type=\"application\/ld+json\" class=\"yoast-schema-graph\">{\"@context\":\"https:\\\/\\\/schema.org\",\"@graph\":[{\"@type\":\"WebPage\",\"@id\":\"https:\\\/\\\/www.lesmoustachesenvadrouille.com\\\/a-propos\\\/\",\"url\":\"https:\\\/\\\/www.lesmoustachesenvadrouille.com\\\/a-propos\\\/\",\"name\":\"A propos \u2022 Les Moustaches en vadrouille\",\"isPartOf\":{\"@id\":\"https:\\\/\\\/www.lesmoustachesenvadrouille.com\\\/#website\"},\"primaryImageOfPage\":{\"@id\":\"https:\\\/\\\/www.lesmoustachesenvadrouille.com\\\/a-propos\\\/#primaryimage\"},\"image\":{\"@id\":\"https:\\\/\\\/www.lesmoustachesenvadrouille.com\\\/a-propos\\\/#primaryimage\"},\"thumbnailUrl\":\"https:\\\/\\\/www.lesmoustachesenvadrouille.com\\\/wp-content\\\/uploads\\\/sabinekley-voyage-maroc-marrakech-atay-cafe-rooftop-sabine-768x512.jpg\",\"datePublished\":\"2014-11-01T13:14:11+00:00\",\"dateModified\":\"2024-12-24T11:28:53+00:00\",\"description\":\"Moi c'est Sabine. Directrice artistique & Blogueuse, amoureuse de la vie et des jolies choses, je vous livre sur mon blog tous mes coups en voyage\",\"breadcrumb\":{\"@id\":\"https:\\\/\\\/www.lesmoustachesenvadrouille.com\\\/a-propos\\\/#breadcrumb\"},\"inLanguage\":\"es\",\"potentialAction\":[{\"@type\":\"ReadAction\",\"target\":[\"https:\\\/\\\/www.lesmoustachesenvadrouille.com\\\/a-propos\\\/\"]}]},{\"@type\":\"ImageObject\",\"inLanguage\":\"es\",\"@id\":\"https:\\\/\\\/www.lesmoustachesenvadrouille.com\\\/a-propos\\\/#primaryimage\",\"url\":\"https:\\\/\\\/www.lesmoustachesenvadrouille.com\\\/wp-content\\\/uploads\\\/sabinekley-voyage-maroc-marrakech-atay-cafe-rooftop-sabine-768x512.jpg\",\"contentUrl\":\"https:\\\/\\\/www.lesmoustachesenvadrouille.com\\\/wp-content\\\/uploads\\\/sabinekley-voyage-maroc-marrakech-atay-cafe-rooftop-sabine-768x512.jpg\"},{\"@type\":\"BreadcrumbList\",\"@id\":\"https:\\\/\\\/www.lesmoustachesenvadrouille.com\\\/a-propos\\\/#breadcrumb\",\"itemListElement\":[{\"@type\":\"ListItem\",\"position\":1,\"name\":\"Accueil\",\"item\":\"https:\\\/\\\/www.lesmoustachesenvadrouille.com\\\/\"},{\"@type\":\"ListItem\",\"position\":2,\"name\":\"\u00c0 propos\"}]},{\"@type\":\"WebSite\",\"@id\":\"https:\\\/\\\/www.lesmoustachesenvadrouille.com\\\/#website\",\"url\":\"https:\\\/\\\/www.lesmoustachesenvadrouille.com\\\/\",\"name\":\"Les moustaches en vadrouille\",\"description\":\"\",\"publisher\":{\"@id\":\"https:\\\/\\\/www.lesmoustachesenvadrouille.com\\\/#organization\"},\"potentialAction\":[{\"@type\":\"SearchAction\",\"target\":{\"@type\":\"EntryPoint\",\"urlTemplate\":\"https:\\\/\\\/www.lesmoustachesenvadrouille.com\\\/?s={search_term_string}\"},\"query-input\":{\"@type\":\"PropertyValueSpecification\",\"valueRequired\":true,\"valueName\":\"search_term_string\"}}],\"inLanguage\":\"es\"},{\"@type\":\"Organization\",\"@id\":\"https:\\\/\\\/www.lesmoustachesenvadrouille.com\\\/#organization\",\"name\":\"Les moustaches en vadrouille\",\"url\":\"https:\\\/\\\/www.lesmoustachesenvadrouille.com\\\/\",\"logo\":{\"@type\":\"ImageObject\",\"inLanguage\":\"es\",\"@id\":\"https:\\\/\\\/www.lesmoustachesenvadrouille.com\\\/#\\\/schema\\\/logo\\\/image\\\/\",\"url\":\"https:\\\/\\\/www.lesmoustachesenvadrouille.com\\\/wp-content\\\/uploads\\\/logo-moustaches-2025-HD-1.webp\",\"contentUrl\":\"https:\\\/\\\/www.lesmoustachesenvadrouille.com\\\/wp-content\\\/uploads\\\/logo-moustaches-2025-HD-1.webp\",\"width\":2099,\"height\":394,\"caption\":\"Les moustaches en vadrouille\"},\"image\":{\"@id\":\"https:\\\/\\\/www.lesmoustachesenvadrouille.com\\\/#\\\/schema\\\/logo\\\/image\\\/\"},\"sameAs\":[\"https:\\\/\\\/www.facebook.com\\\/lesmoustachesenvadrouille\\\/\",\"https:\\\/\\\/www.instagram.com\\\/lesmoustachesenvadrouille\\\/\",\"https:\\\/\\\/fr.pinterest.com\\\/wanderlustmoustaches\\\/\"]}]}<\/script>\n<!-- \/ Yoast SEO plugin. -->","yoast_head_json":{"title":"A propos \u2022 Les Moustaches en vadrouille","description":"Moi c'est Sabine. Directrice artistique & Blogueuse, amoureuse de la vie et des jolies choses, je vous livre sur mon blog tous mes coups en voyage","robots":{"index":"index","follow":"follow","max-snippet":"max-snippet:-1","max-image-preview":"max-image-preview:large","max-video-preview":"max-video-preview:-1"},"canonical":"https:\/\/www.lesmoustachesenvadrouille.com\/es\/a-propos\/","og_locale":"es_ES","og_type":"article","og_title":"A propos \u2022 Les Moustaches en vadrouille","og_description":"Moi c'est Sabine. Directrice artistique & Blogueuse, amoureuse de la vie et des jolies choses, je vous livre sur mon blog tous mes coups en voyage","og_url":"https:\/\/www.lesmoustachesenvadrouille.com\/es\/a-propos\/","og_site_name":"Les moustaches en vadrouille","article_publisher":"https:\/\/www.facebook.com\/lesmoustachesenvadrouille\/","article_modified_time":"2024-12-24T11:28:53+00:00","og_image":[{"url":"https:\/\/www.lesmoustachesenvadrouille.com\/wp-content\/uploads\/sabinekley-voyage-maroc-marrakech-atay-cafe-rooftop-sabine-768x512.jpg","type":"","width":"","height":""}],"twitter_card":"summary_large_image","twitter_misc":{"Tiempo de lectura":"2 minutos"},"schema":{"@context":"https:\/\/schema.org","@graph":[{"@type":"WebPage","@id":"https:\/\/www.lesmoustachesenvadrouille.com\/a-propos\/","url":"https:\/\/www.lesmoustachesenvadrouille.com\/a-propos\/","name":"A propos \u2022 Les Moustaches en vadrouille","isPartOf":{"@id":"https:\/\/www.lesmoustachesenvadrouille.com\/#website"},"primaryImageOfPage":{"@id":"https:\/\/www.lesmoustachesenvadrouille.com\/a-propos\/#primaryimage"},"image":{"@id":"https:\/\/www.lesmoustachesenvadrouille.com\/a-propos\/#primaryimage"},"thumbnailUrl":"https:\/\/www.lesmoustachesenvadrouille.com\/wp-content\/uploads\/sabinekley-voyage-maroc-marrakech-atay-cafe-rooftop-sabine-768x512.jpg","datePublished":"2014-11-01T13:14:11+00:00","dateModified":"2024-12-24T11:28:53+00:00","description":"Moi c'est Sabine. Directrice artistique & Blogueuse, amoureuse de la vie et des jolies choses, je vous livre sur mon blog tous mes coups en voyage","breadcrumb":{"@id":"https:\/\/www.lesmoustachesenvadrouille.com\/a-propos\/#breadcrumb"},"inLanguage":"es","potentialAction":[{"@type":"ReadAction","target":["https:\/\/www.lesmoustachesenvadrouille.com\/a-propos\/"]}]},{"@type":"ImageObject","inLanguage":"es","@id":"https:\/\/www.lesmoustachesenvadrouille.com\/a-propos\/#primaryimage","url":"https:\/\/www.lesmoustachesenvadrouille.com\/wp-content\/uploads\/sabinekley-voyage-maroc-marrakech-atay-cafe-rooftop-sabine-768x512.jpg","contentUrl":"https:\/\/www.lesmoustachesenvadrouille.com\/wp-content\/uploads\/sabinekley-voyage-maroc-marrakech-atay-cafe-rooftop-sabine-768x512.jpg"},{"@type":"BreadcrumbList","@id":"https:\/\/www.lesmoustachesenvadrouille.com\/a-propos\/#breadcrumb","itemListElement":[{"@type":"ListItem","position":1,"name":"Accueil","item":"https:\/\/www.lesmoustachesenvadrouille.com\/"},{"@type":"ListItem","position":2,"name":"\u00c0 propos"}]},{"@type":"WebSite","@id":"https:\/\/www.lesmoustachesenvadrouille.com\/#website","url":"https:\/\/www.lesmoustachesenvadrouille.com\/","name":"Les moustaches en vadrouille","description":"","publisher":{"@id":"https:\/\/www.lesmoustachesenvadrouille.com\/#organization"},"potentialAction":[{"@type":"SearchAction","target":{"@type":"EntryPoint","urlTemplate":"https:\/\/www.lesmoustachesenvadrouille.com\/?s={search_term_string}"},"query-input":{"@type":"PropertyValueSpecification","valueRequired":true,"valueName":"search_term_string"}}],"inLanguage":"es"},{"@type":"Organization","@id":"https:\/\/www.lesmoustachesenvadrouille.com\/#organization","name":"Les moustaches en vadrouille","url":"https:\/\/www.lesmoustachesenvadrouille.com\/","logo":{"@type":"ImageObject","inLanguage":"es","@id":"https:\/\/www.lesmoustachesenvadrouille.com\/#\/schema\/logo\/image\/","url":"https:\/\/www.lesmoustachesenvadrouille.com\/wp-content\/uploads\/logo-moustaches-2025-HD-1.webp","contentUrl":"https:\/\/www.lesmoustachesenvadrouille.com\/wp-content\/uploads\/logo-moustaches-2025-HD-1.webp","width":2099,"height":394,"caption":"Les moustaches en vadrouille"},"image":{"@id":"https:\/\/www.lesmoustachesenvadrouille.com\/#\/schema\/logo\/image\/"},"sameAs":["https:\/\/www.facebook.com\/lesmoustachesenvadrouille\/","https:\/\/www.instagram.com\/lesmoustachesenvadrouille\/","https:\/\/fr.pinterest.com\/wanderlustmoustaches\/"]}]}},"_links":{"self":[{"href":"https:\/\/www.lesmoustachesenvadrouille.com\/es\/wp-json\/wp\/v2\/pages\/2830","targetHints":{"allow":["GET"]}}],"collection":[{"href":"https:\/\/www.lesmoustachesenvadrouille.com\/es\/wp-json\/wp\/v2\/pages"}],"about":[{"href":"https:\/\/www.lesmoustachesenvadrouille.com\/es\/wp-json\/wp\/v2\/types\/page"}],"author":[{"embeddable":true,"href":"https:\/\/www.lesmoustachesenvadrouille.com\/es\/wp-json\/wp\/v2\/users\/1"}],"replies":[{"embeddable":true,"href":"https:\/\/www.lesmoustachesenvadrouille.com\/es\/wp-json\/wp\/v2\/comments?post=2830"}],"version-history":[{"count":0,"href":"https:\/\/www.lesmoustachesenvadrouille.com\/es\/wp-json\/wp\/v2\/pages\/2830\/revisions"}],"wp:attachment":[{"href":"https:\/\/www.lesmoustachesenvadrouille.com\/es\/wp-json\/wp\/v2\/media?parent=2830"}],"curies":[{"name":"wp","href":"https:\/\/api.w.org\/{rel}","templated":true}]}}