{"id":29097,"date":"2024-12-23T18:53:12","date_gmt":"2024-12-23T17:53:12","guid":{"rendered":"https:\/\/www.lesmoustachesenvadrouille.com\/?page_id=29097"},"modified":"2024-12-23T18:54:23","modified_gmt":"2024-12-23T17:54:23","slug":"mentions-legales","status":"publish","type":"page","link":"https:\/\/www.lesmoustachesenvadrouille.com\/es\/mentions-legales\/","title":{"rendered":"Aviso legal"},"content":{"rendered":"<div data-elementor-type=\"wp-page\" data-elementor-id=\"29097\" class=\"elementor elementor-29097\" data-elementor-post-type=\"page\">\n\t\t\t\t<div class=\"elementor-element elementor-element-9722d6f e-flex e-con-boxed e-con e-parent\" data-id=\"9722d6f\" data-element_type=\"container\" data-e-type=\"container\">\n\t\t\t\t\t<div class=\"e-con-inner\">\n\t\t\t\t<div class=\"elementor-element elementor-element-f193a5b elementor-widget elementor-widget-text-editor\" data-id=\"f193a5b\" data-element_type=\"widget\" data-e-type=\"widget\" data-widget_type=\"text-editor.default\">\n\t\t\t\t<div class=\"elementor-widget-container\">\n\t\t\t\t\t\t\t\t\t<p><strong>Les pr\u00e9sentes conditions g\u00e9n\u00e9rales fixent les modalit\u00e9s d\u2019utilisation du service web <a href=\"http:\/\/www.lesmoustachesenvadrouille.com\/\">lesmoustachesenvadrouille.com<\/a><\/strong><\/p><p>L\u2019utilisateur reconnait avoir pris connaissance de ce document et accept\u00e9 l\u2019ensemble de ces informations, que cet usage soit fait \u00e0 titre personnel ou professionnel. Si cet usage est fait \u00e0 titre professionnel, l\u2019utilisateur garantit d\u00e9tenir les pouvoirs n\u00e9cessaires pour accepter ces conditions g\u00e9n\u00e9rales au sein de son organisation.<\/p><p><strong>Editeur du site<\/strong><\/p><p>Ce site est \u00e9dit\u00e9 par Sabine Kle\u00ff &#8211; 16 rue du lac 06400 Cannes, France<\/p><p><strong>H\u00e9bergement<\/strong><\/p><p>Ce site est h\u00e9berg\u00e9 par <a href=\"http:\/\/OVH.com\">OVH.com<\/a>, Si\u00e8ge social : 2 rue Kellermann \u2013 59100 Roubaix \u2013 France.<\/p><p><strong>Responsabilit\u00e9<\/strong><\/p><p>L\u2019\u00e9diteur du site met \u00e0 disposition un large contenu d\u2019informations gratuit. Il s\u2019assure en permanence de mettre les moyens \u00e0 sa disposition pour s\u2019assurer de la qualit\u00e9 de ces contenus. Toutes les informations indiqu\u00e9es sur le site\u00a0sont donn\u00e9es \u00e0 titre indicatif, et sont susceptibles d\u2019\u00e9voluer. Par ailleurs, les renseignements figurant sur le site\u00a0<a href=\"http:\/\/www.lesmoustachesenvadrouille.com\/\">lesmoustachesenvadrouille.com<\/a>\u00a0ne sont pas exhaustifs. Ils sont donn\u00e9s sous r\u00e9serve de modifications ayant \u00e9t\u00e9 apport\u00e9es depuis leur mise en ligne.\u00a0il advient \u00e0 l\u2019utilisateur de s\u2019assurer de la pertinence de ces informations au regard de sa situation. L\u2019utilisateur s\u2019engage donc \u00e0 utiliser ces informations sous son enti\u00e8re responsabilit\u00e9 et d\u00e9gage l\u2019\u00e9diteur de toute responsabilit\u00e9 \u00e0 cet \u00e9gard.<\/p><p><strong>Limitations contractuelles sur les donn\u00e9es techniques<\/strong><\/p><p>Le site utilise la technologie JavaScript. Le site Internet ne pourra \u00eatre tenu responsable de dommages mat\u00e9riels li\u00e9s \u00e0 l\u2019utilisation du site. De plus, l\u2019utilisateur du site s\u2019engage \u00e0 acc\u00e9der au site en utilisant un mat\u00e9riel r\u00e9cent, ne contenant pas de virus et avec un navigateur de derni\u00e8re g\u00e9n\u00e9ration mis-\u00e0-jour.<\/p><p><strong>Propri\u00e9t\u00e9 intellectuelle<\/strong><\/p><p>Sabine Kley\u00a0est propri\u00e9taire des droits de propri\u00e9t\u00e9 intellectuelle ou d\u00e9tient les droits d\u2019usage sur tous les \u00e9l\u00e9ments accessibles sur le site, notamment les textes, images, logo (sauf mentions contraires). Toute reproduction, repr\u00e9sentation, modification, publication, adaptation de tout ou partie des \u00e9l\u00e9ments du site, quel que soit le moyen ou le proc\u00e9d\u00e9 utilis\u00e9, est interdite, sauf autorisation \u00e9crite pr\u00e9alable.<\/p><p>Toute exploitation non autoris\u00e9e du site ou de l\u2019un quelconque des \u00e9l\u00e9ments qu\u2019il contient sera consid\u00e9r\u00e9e comme constitutive d\u2019une contrefa\u00e7on et poursuivie conform\u00e9ment aux dispositions des articles L.335-2 et suivants du Code de Propri\u00e9t\u00e9 Intellectuelle.<\/p><p>Cela dit, conform\u00e9ment \u00e0 l\u2019article L. 122-5 du Code de la propri\u00e9t\u00e9 intellectuelle, les courtes citations du contenu sont autoris\u00e9es, sous r\u00e9serve que soient indiqu\u00e9s clairement le nom de l\u2019auteur et de la source, par un lien vers une des pages de ce site web.<\/p><p><strong>Responsabilit\u00e9 dans l\u2019utilisation du service<\/strong><\/p><p>L\u2019utilisateur s\u2019engage \u00e0 ne pas perturber le fonctionnement du service offert sur\u00a0<a href=\"http:\/\/www.lesmoustachesenvadrouille.com\/\">lesmoustachesenvadrouille.com<\/a>\u00a0de quelque mani\u00e8re que ce soit.<\/p><p>En particulier, l\u2019utilisateur s\u2019engage \u00e0 s\u2019abstenir de poster des messages illicites, diffamants ou insultants sur tout ou partie du site. Les commentaires d\u00e9pos\u00e9s par les internautes refl\u00e8tent exclusivement l\u2019avis de leurs auteurs et demeurent sous leur responsabilit\u00e9. En \u00e9crivant des commentaires sur le site, l\u2019internaute accepte de se soumettre aux lois fran\u00e7aises et internationales.Les administrateurs du site se r\u00e9servent le droit de mod\u00e9rer, modifier ou supprimer tout commentaire qu\u2019ils jugeraient contraire \u00e0 ces lois.<\/p><p><strong>Cookies<\/strong><\/p><p>L\u2019utilisateur est inform\u00e9 que des cookies peuvent s\u2019installer sur son navigateur. Dans tous les cas l\u2019utilisateur peut librement effacer ses cookies de son navigateur.<\/p><p><strong>Traitement des donn\u00e9es personnelles<\/strong><\/p><p>En France, les donn\u00e9es personnelles sont notamment prot\u00e9g\u00e9es par la loi n\u00b0 78-87 du 6 janvier 1978, la loi n\u00b0 2004-801 du 6 ao\u00fbt 2004, l\u2019article L. 226-13 du Code p\u00e9nal et la Directive Europ\u00e9enne du 24 octobre 1995.<\/p><p>A l\u2019occasion de l\u2019utilisation du site\u00a0<a href=\"http:\/\/www.lesmoustachesenvadrouille.com\/\">lesmoustachesenvadrouille.com<\/a>, peuvent \u00eatres recueillies : l\u2019URL des liens par l\u2019interm\u00e9diaire desquels l\u2019utilisateur a acc\u00e9d\u00e9 au site, le fournisseur d\u2019acc\u00e8s de l\u2019utilisateur, l\u2019adresse de protocole Internet (IP) de l\u2019utilisateur. En tout \u00e9tat de cause, les informations personnelles relatives \u00e0 l\u2019utilisateur ne sont collect\u00e9s que pour le besoin de certains services propos\u00e9s par le site <a href=\"http:\/\/www.lesmoustachesenvadrouille.com\/\">lesmoustachesenvadrouille.com<\/a>.<\/p><p>L\u2019utilisateur fournit ces informations en toute connaissance de cause, notamment lorsqu\u2019il proc\u00e8de par lui-m\u00eame \u00e0 leur saisie. Il est alors pr\u00e9cis\u00e9 \u00e0 l\u2019utilisateur du site l\u2019obligation ou non de fournir ces informations. Conform\u00e9ment aux dispositions des articles 38 et suivants de la loi 78-17 du 6 janvier 1978 relative \u00e0 l\u2019informatique, aux fichiers et aux libert\u00e9s, tout utilisateur dispose d\u2019un droit d\u2019acc\u00e8s, de rectification et d\u2019opposition aux donn\u00e9es personnelles le concernant, en effectuant sa demande \u00e9crite et sign\u00e9e, accompagn\u00e9e d\u2019une copie du titre d\u2019identit\u00e9 avec signature du titulaire de la pi\u00e8ce, en pr\u00e9cisant l\u2019adresse \u00e0 laquelle la r\u00e9ponse doit \u00eatre envoy\u00e9e.<\/p><p>Aucune information personnelle de l\u2019utilisateur du site\u00a0<a href=\"http:\/\/www.lesmoustachesenvadrouille.com\/\">lesmoustachesenvadrouille.com<\/a>\u00a0n\u2019est publi\u00e9e \u00e0 l\u2019insu de l\u2019utilisateur, \u00e9chang\u00e9e, transf\u00e9r\u00e9e, c\u00e9d\u00e9e ou vendue sur un support quelconque \u00e0 des tiers.<\/p><p>Seule l\u2019hypoth\u00e8se du rachat de\u00a0<a href=\"http:\/\/www.lesmoustachesenvadrouille.com\/\">lesmoustachesenvadrouille.com<\/a>\u00a0et de ses droits permettrait la transmission des dites informations \u00e0 l\u2019\u00e9ventuel acqu\u00e9reur qui serait \u00e0 son tour tenu de la m\u00eame obligation de conservation et de modification des donn\u00e9es vis \u00e0 vis de l\u2019utilisateur du site\u00a0<a href=\"http:\/\/www.lesmoustachesenvadrouille.com\/\">lesmoustachesenvadrouille.com<\/a>.Le site n\u2019est pas d\u00e9clar\u00e9 \u00e0 la CNIL car il ne recueille pas d\u2019informations personnelles.Les bases de donn\u00e9es sont prot\u00e9g\u00e9es par les dispositions de la loi du 1er juillet 1998 transposant la directive 96\/9 du 11 mars 1996 relative \u00e0 la protection juridique des bases de donn\u00e9es.<\/p><p><!-- notionvc: 8f17ff05-e2a9-4cb3-85c2-010ad2abe118 --><\/p>\t\t\t\t\t\t\t\t<\/div>\n\t\t\t\t<\/div>\n\t\t\t\t\t<\/div>\n\t\t\t\t<\/div>\n\t\t\t\t<\/div>","protected":false},"excerpt":{"rendered":"<p>Les pr\u00e9sentes conditions g\u00e9n\u00e9rales fixent les modalit\u00e9s d\u2019utilisation du service web lesmoustachesenvadrouille.com L\u2019utilisateur reconnait avoir pris connaissance de ce document et accept\u00e9 l\u2019ensemble de ces informations, que cet usage soit fait \u00e0 titre personnel ou professionnel. Si cet usage est fait \u00e0 titre professionnel, l\u2019utilisateur garantit d\u00e9tenir les pouvoirs n\u00e9cessaires pour accepter ces conditions g\u00e9n\u00e9rales [&hellip;]<\/p>\n","protected":false},"author":7,"featured_media":0,"parent":0,"menu_order":0,"comment_status":"closed","ping_status":"closed","template":"","meta":{"footnotes":""},"class_list":["post-29097","page","type-page","status-publish","hentry"],"yoast_head":"<!-- This site is optimized with the Yoast SEO plugin v27.3 - https:\/\/yoast.com\/product\/yoast-seo-wordpress\/ -->\n<title>Mentions l\u00e9gales - Les moustaches en vadrouille<\/title>\n<meta name=\"robots\" content=\"index, follow, max-snippet:-1, max-image-preview:large, max-video-preview:-1\" \/>\n<link rel=\"canonical\" href=\"https:\/\/www.lesmoustachesenvadrouille.com\/es\/mentions-legales\/\" \/>\n<meta property=\"og:locale\" content=\"es_ES\" \/>\n<meta property=\"og:type\" content=\"article\" \/>\n<meta property=\"og:title\" content=\"Mentions l\u00e9gales - Les moustaches en vadrouille\" \/>\n<meta property=\"og:description\" content=\"Les pr\u00e9sentes conditions g\u00e9n\u00e9rales fixent les modalit\u00e9s d\u2019utilisation du service web lesmoustachesenvadrouille.com L\u2019utilisateur reconnait avoir pris connaissance de ce document et accept\u00e9 l\u2019ensemble de ces informations, que cet usage soit fait \u00e0 titre personnel ou professionnel. Si cet usage est fait \u00e0 titre professionnel, l\u2019utilisateur garantit d\u00e9tenir les pouvoirs n\u00e9cessaires pour accepter ces conditions g\u00e9n\u00e9rales [&hellip;]\" \/>\n<meta property=\"og:url\" content=\"https:\/\/www.lesmoustachesenvadrouille.com\/es\/mentions-legales\/\" \/>\n<meta property=\"og:site_name\" content=\"Les moustaches en vadrouille\" \/>\n<meta property=\"article:publisher\" content=\"https:\/\/www.facebook.com\/lesmoustachesenvadrouille\/\" \/>\n<meta property=\"article:modified_time\" content=\"2024-12-23T17:54:23+00:00\" \/>\n<meta name=\"twitter:card\" content=\"summary_large_image\" \/>\n<meta name=\"twitter:label1\" content=\"Tiempo de lectura\" \/>\n\t<meta name=\"twitter:data1\" content=\"5 minutos\" \/>\n<script type=\"application\/ld+json\" class=\"yoast-schema-graph\">{\"@context\":\"https:\\\/\\\/schema.org\",\"@graph\":[{\"@type\":\"WebPage\",\"@id\":\"https:\\\/\\\/www.lesmoustachesenvadrouille.com\\\/mentions-legales\\\/\",\"url\":\"https:\\\/\\\/www.lesmoustachesenvadrouille.com\\\/mentions-legales\\\/\",\"name\":\"Mentions l\u00e9gales - Les moustaches en vadrouille\",\"isPartOf\":{\"@id\":\"https:\\\/\\\/www.lesmoustachesenvadrouille.com\\\/#website\"},\"datePublished\":\"2024-12-23T17:53:12+00:00\",\"dateModified\":\"2024-12-23T17:54:23+00:00\",\"breadcrumb\":{\"@id\":\"https:\\\/\\\/www.lesmoustachesenvadrouille.com\\\/mentions-legales\\\/#breadcrumb\"},\"inLanguage\":\"es\",\"potentialAction\":[{\"@type\":\"ReadAction\",\"target\":[\"https:\\\/\\\/www.lesmoustachesenvadrouille.com\\\/mentions-legales\\\/\"]}]},{\"@type\":\"BreadcrumbList\",\"@id\":\"https:\\\/\\\/www.lesmoustachesenvadrouille.com\\\/mentions-legales\\\/#breadcrumb\",\"itemListElement\":[{\"@type\":\"ListItem\",\"position\":1,\"name\":\"Accueil\",\"item\":\"https:\\\/\\\/www.lesmoustachesenvadrouille.com\\\/\"},{\"@type\":\"ListItem\",\"position\":2,\"name\":\"Mentions l\u00e9gales\"}]},{\"@type\":\"WebSite\",\"@id\":\"https:\\\/\\\/www.lesmoustachesenvadrouille.com\\\/#website\",\"url\":\"https:\\\/\\\/www.lesmoustachesenvadrouille.com\\\/\",\"name\":\"Les moustaches en vadrouille\",\"description\":\"\",\"publisher\":{\"@id\":\"https:\\\/\\\/www.lesmoustachesenvadrouille.com\\\/#organization\"},\"potentialAction\":[{\"@type\":\"SearchAction\",\"target\":{\"@type\":\"EntryPoint\",\"urlTemplate\":\"https:\\\/\\\/www.lesmoustachesenvadrouille.com\\\/?s={search_term_string}\"},\"query-input\":{\"@type\":\"PropertyValueSpecification\",\"valueRequired\":true,\"valueName\":\"search_term_string\"}}],\"inLanguage\":\"es\"},{\"@type\":\"Organization\",\"@id\":\"https:\\\/\\\/www.lesmoustachesenvadrouille.com\\\/#organization\",\"name\":\"Les moustaches en vadrouille\",\"url\":\"https:\\\/\\\/www.lesmoustachesenvadrouille.com\\\/\",\"logo\":{\"@type\":\"ImageObject\",\"inLanguage\":\"es\",\"@id\":\"https:\\\/\\\/www.lesmoustachesenvadrouille.com\\\/#\\\/schema\\\/logo\\\/image\\\/\",\"url\":\"https:\\\/\\\/www.lesmoustachesenvadrouille.com\\\/wp-content\\\/uploads\\\/logo-moustaches-2025-HD-1.webp\",\"contentUrl\":\"https:\\\/\\\/www.lesmoustachesenvadrouille.com\\\/wp-content\\\/uploads\\\/logo-moustaches-2025-HD-1.webp\",\"width\":2099,\"height\":394,\"caption\":\"Les moustaches en vadrouille\"},\"image\":{\"@id\":\"https:\\\/\\\/www.lesmoustachesenvadrouille.com\\\/#\\\/schema\\\/logo\\\/image\\\/\"},\"sameAs\":[\"https:\\\/\\\/www.facebook.com\\\/lesmoustachesenvadrouille\\\/\",\"https:\\\/\\\/www.instagram.com\\\/lesmoustachesenvadrouille\\\/\",\"https:\\\/\\\/fr.pinterest.com\\\/wanderlustmoustaches\\\/\"]}]}<\/script>\n<!-- \/ Yoast SEO plugin. -->","yoast_head_json":{"title":"Mentions l\u00e9gales - Les moustaches en vadrouille","robots":{"index":"index","follow":"follow","max-snippet":"max-snippet:-1","max-image-preview":"max-image-preview:large","max-video-preview":"max-video-preview:-1"},"canonical":"https:\/\/www.lesmoustachesenvadrouille.com\/es\/mentions-legales\/","og_locale":"es_ES","og_type":"article","og_title":"Mentions l\u00e9gales - Les moustaches en vadrouille","og_description":"Les pr\u00e9sentes conditions g\u00e9n\u00e9rales fixent les modalit\u00e9s d\u2019utilisation du service web lesmoustachesenvadrouille.com L\u2019utilisateur reconnait avoir pris connaissance de ce document et accept\u00e9 l\u2019ensemble de ces informations, que cet usage soit fait \u00e0 titre personnel ou professionnel. Si cet usage est fait \u00e0 titre professionnel, l\u2019utilisateur garantit d\u00e9tenir les pouvoirs n\u00e9cessaires pour accepter ces conditions g\u00e9n\u00e9rales [&hellip;]","og_url":"https:\/\/www.lesmoustachesenvadrouille.com\/es\/mentions-legales\/","og_site_name":"Les moustaches en vadrouille","article_publisher":"https:\/\/www.facebook.com\/lesmoustachesenvadrouille\/","article_modified_time":"2024-12-23T17:54:23+00:00","twitter_card":"summary_large_image","twitter_misc":{"Tiempo de lectura":"5 minutos"},"schema":{"@context":"https:\/\/schema.org","@graph":[{"@type":"WebPage","@id":"https:\/\/www.lesmoustachesenvadrouille.com\/mentions-legales\/","url":"https:\/\/www.lesmoustachesenvadrouille.com\/mentions-legales\/","name":"Mentions l\u00e9gales - Les moustaches en vadrouille","isPartOf":{"@id":"https:\/\/www.lesmoustachesenvadrouille.com\/#website"},"datePublished":"2024-12-23T17:53:12+00:00","dateModified":"2024-12-23T17:54:23+00:00","breadcrumb":{"@id":"https:\/\/www.lesmoustachesenvadrouille.com\/mentions-legales\/#breadcrumb"},"inLanguage":"es","potentialAction":[{"@type":"ReadAction","target":["https:\/\/www.lesmoustachesenvadrouille.com\/mentions-legales\/"]}]},{"@type":"BreadcrumbList","@id":"https:\/\/www.lesmoustachesenvadrouille.com\/mentions-legales\/#breadcrumb","itemListElement":[{"@type":"ListItem","position":1,"name":"Accueil","item":"https:\/\/www.lesmoustachesenvadrouille.com\/"},{"@type":"ListItem","position":2,"name":"Mentions l\u00e9gales"}]},{"@type":"WebSite","@id":"https:\/\/www.lesmoustachesenvadrouille.com\/#website","url":"https:\/\/www.lesmoustachesenvadrouille.com\/","name":"Les moustaches en vadrouille","description":"","publisher":{"@id":"https:\/\/www.lesmoustachesenvadrouille.com\/#organization"},"potentialAction":[{"@type":"SearchAction","target":{"@type":"EntryPoint","urlTemplate":"https:\/\/www.lesmoustachesenvadrouille.com\/?s={search_term_string}"},"query-input":{"@type":"PropertyValueSpecification","valueRequired":true,"valueName":"search_term_string"}}],"inLanguage":"es"},{"@type":"Organization","@id":"https:\/\/www.lesmoustachesenvadrouille.com\/#organization","name":"Les moustaches en vadrouille","url":"https:\/\/www.lesmoustachesenvadrouille.com\/","logo":{"@type":"ImageObject","inLanguage":"es","@id":"https:\/\/www.lesmoustachesenvadrouille.com\/#\/schema\/logo\/image\/","url":"https:\/\/www.lesmoustachesenvadrouille.com\/wp-content\/uploads\/logo-moustaches-2025-HD-1.webp","contentUrl":"https:\/\/www.lesmoustachesenvadrouille.com\/wp-content\/uploads\/logo-moustaches-2025-HD-1.webp","width":2099,"height":394,"caption":"Les moustaches en vadrouille"},"image":{"@id":"https:\/\/www.lesmoustachesenvadrouille.com\/#\/schema\/logo\/image\/"},"sameAs":["https:\/\/www.facebook.com\/lesmoustachesenvadrouille\/","https:\/\/www.instagram.com\/lesmoustachesenvadrouille\/","https:\/\/fr.pinterest.com\/wanderlustmoustaches\/"]}]}},"_links":{"self":[{"href":"https:\/\/www.lesmoustachesenvadrouille.com\/es\/wp-json\/wp\/v2\/pages\/29097","targetHints":{"allow":["GET"]}}],"collection":[{"href":"https:\/\/www.lesmoustachesenvadrouille.com\/es\/wp-json\/wp\/v2\/pages"}],"about":[{"href":"https:\/\/www.lesmoustachesenvadrouille.com\/es\/wp-json\/wp\/v2\/types\/page"}],"author":[{"embeddable":true,"href":"https:\/\/www.lesmoustachesenvadrouille.com\/es\/wp-json\/wp\/v2\/users\/7"}],"replies":[{"embeddable":true,"href":"https:\/\/www.lesmoustachesenvadrouille.com\/es\/wp-json\/wp\/v2\/comments?post=29097"}],"version-history":[{"count":0,"href":"https:\/\/www.lesmoustachesenvadrouille.com\/es\/wp-json\/wp\/v2\/pages\/29097\/revisions"}],"wp:attachment":[{"href":"https:\/\/www.lesmoustachesenvadrouille.com\/es\/wp-json\/wp\/v2\/media?parent=29097"}],"curies":[{"name":"wp","href":"https:\/\/api.w.org\/{rel}","templated":true}]}}