{"id":29282,"date":"2025-01-31T11:26:03","date_gmt":"2025-01-31T10:26:03","guid":{"rendered":"https:\/\/www.lesmoustachesenvadrouille.com\/?page_id=29282"},"modified":"2025-11-04T23:11:08","modified_gmt":"2025-11-04T22:11:08","slug":"contact","status":"publish","type":"page","link":"https:\/\/www.lesmoustachesenvadrouille.com\/es\/contact\/","title":{"rendered":"Contacto"},"content":{"rendered":"\t\t<div data-elementor-type=\"wp-page\" data-elementor-id=\"29282\" class=\"elementor elementor-29282\" data-elementor-post-type=\"page\">\n\t\t\t\t<div class=\"elementor-element elementor-element-c0042df e-flex e-con-boxed e-con e-parent\" data-id=\"c0042df\" data-element_type=\"container\" data-e-type=\"container\">\n\t\t\t\t\t<div class=\"e-con-inner\">\n\t\t\t\t<div class=\"elementor-element elementor-element-e1d7c57 elementor-widget elementor-widget-heading\" data-id=\"e1d7c57\" data-element_type=\"widget\" data-e-type=\"widget\" data-widget_type=\"heading.default\">\n\t\t\t\t<div class=\"elementor-widget-container\">\n\t\t\t\t\t<h2 class=\"elementor-heading-title elementor-size-default\">Contactez-moi<\/h2>\t\t\t\t<\/div>\n\t\t\t\t<\/div>\n\t\t\t\t<div class=\"elementor-element elementor-element-9b218ad elementor-widget elementor-widget-text-editor\" data-id=\"9b218ad\" data-element_type=\"widget\" data-e-type=\"widget\" data-widget_type=\"text-editor.default\">\n\t\t\t\t<div class=\"elementor-widget-container\">\n\t\t\t\t\t\t\t\t\t<p>N&rsquo;h\u00e9sitez pas \u00e0 m&rsquo;\u00e9crire un petit mot \u00e0 propos d&rsquo;un article, un voyage ou une information d&rsquo;une destination. Ou si vous souhaitez voir paraitre un sujet interessant sur le blog.\u00a0<br \/>Professionnels &amp; partenariats, je vous invite \u00e0 consulter la section <a href=\"https:\/\/www.lesmoustachesenvadrouille.com\/partenariat-blog-voyage\/\" target=\"_blank\" rel=\"noopener\">Partenariats.<\/a><\/p>\t\t\t\t\t\t\t\t<\/div>\n\t\t\t\t<\/div>\n\t\t\t\t<div class=\"elementor-element elementor-element-87207a5 elementor-widget__width-inherit elementor-button-align-stretch elementor-widget elementor-widget-form\" data-id=\"87207a5\" data-element_type=\"widget\" data-e-type=\"widget\" data-settings=\"{&quot;step_next_label&quot;:&quot;Suivant&quot;,&quot;step_previous_label&quot;:&quot;Pr\\u00e9c\\u00e9dent&quot;,&quot;button_width&quot;:&quot;100&quot;,&quot;step_type&quot;:&quot;number_text&quot;,&quot;step_icon_shape&quot;:&quot;circle&quot;}\" data-widget_type=\"form.default\">\n\t\t\t\t<div class=\"elementor-widget-container\">\n\t\t\t\t\t\t\t<form class=\"elementor-form\" method=\"post\" id=\"contact_form\" name=\"Nouveau formulaire\" aria-label=\"Nouveau formulaire\">\n\t\t\t<input type=\"hidden\" name=\"post_id\" value=\"29282\"\/>\n\t\t\t<input type=\"hidden\" name=\"form_id\" value=\"87207a5\"\/>\n\t\t\t<input type=\"hidden\" name=\"referer_title\" value=\"Les moustaches en vadrouille\" \/>\n\n\t\t\t\n\t\t\t<div class=\"elementor-form-fields-wrapper elementor-labels-above\">\n\t\t\t\t\t\t\t\t<div class=\"elementor-field-type-text elementor-field-group elementor-column elementor-field-group-name elementor-col-100\">\n\t\t\t\t\t\t\t\t\t\t\t\t<label for=\"form-field-name\" class=\"elementor-field-label\">\n\t\t\t\t\t\t\t\tPr\u00e9nom\t\t\t\t\t\t\t<\/label>\n\t\t\t\t\t\t\t\t\t\t\t\t\t\t<input size=\"1\" type=\"text\" name=\"form_fields[name]\" id=\"form-field-name\" class=\"elementor-field elementor-size-sm  elementor-field-textual\" placeholder=\"Pr\u00e9nom\">\n\t\t\t\t\t\t\t\t\t\t\t<\/div>\n\t\t\t\t\t\t\t\t<div class=\"elementor-field-type-email elementor-field-group elementor-column elementor-field-group-email elementor-col-100 elementor-field-required\">\n\t\t\t\t\t\t\t\t\t\t\t\t<label for=\"form-field-email\" class=\"elementor-field-label\">\n\t\t\t\t\t\t\t\tE-mail\t\t\t\t\t\t\t<\/label>\n\t\t\t\t\t\t\t\t\t\t\t\t\t\t<input size=\"1\" type=\"email\" name=\"form_fields[email]\" id=\"form-field-email\" class=\"elementor-field elementor-size-sm  elementor-field-textual\" placeholder=\"E-mail\" required=\"required\">\n\t\t\t\t\t\t\t\t\t\t\t<\/div>\n\t\t\t\t\t\t\t\t<div class=\"elementor-field-type-textarea elementor-field-group elementor-column elementor-field-group-message elementor-col-100\">\n\t\t\t\t\t\t\t\t\t\t\t\t<label for=\"form-field-message\" class=\"elementor-field-label\">\n\t\t\t\t\t\t\t\tMessage\t\t\t\t\t\t\t<\/label>\n\t\t\t\t\t\t<textarea class=\"elementor-field-textual elementor-field  elementor-size-sm\" name=\"form_fields[message]\" id=\"form-field-message\" rows=\"4\" placeholder=\"Message\"><\/textarea>\t\t\t\t<\/div>\n\t\t\t\t\t\t\t\t<div class=\"elementor-field-type-recaptcha_v3 elementor-field-group elementor-column elementor-field-group-field_d59131e elementor-col-100 recaptcha_v3-inline\">\n\t\t\t\t\t<div class=\"elementor-field\" id=\"form-field-field_d59131e\"><div class=\"elementor-g-recaptcha\" data-sitekey=\"6LcQFMkrAAAAAP1M5OrUwlzwHaKKRV83TXDEsFo1\" data-type=\"v3\" data-action=\"Form\" data-badge=\"inline\" data-size=\"invisible\"><\/div><\/div>\t\t\t\t<\/div>\n\t\t\t\t\t\t\t\t<div class=\"elementor-field-group elementor-column elementor-field-type-submit elementor-col-100 e-form__buttons\">\n\t\t\t\t\t<button class=\"elementor-button elementor-size-sm\" type=\"submit\">\n\t\t\t\t\t\t<span class=\"elementor-button-content-wrapper\">\n\t\t\t\t\t\t\t\t\t\t\t\t\t\t\t\t\t\t\t\t\t\t<span class=\"elementor-button-text\">Envoyer<\/span>\n\t\t\t\t\t\t\t\t\t\t\t\t\t<\/span>\n\t\t\t\t\t<\/button>\n\t\t\t\t<\/div>\n\t\t\t<\/div>\n\t\t<\/form>\n\t\t\t\t\t\t<\/div>\n\t\t\t\t<\/div>\n\t\t\t\t\t<\/div>\n\t\t\t\t<\/div>\n\t\t\t\t<\/div>\n\t\t","protected":false},"excerpt":{"rendered":"<p>Contactez-moi N&rsquo;h\u00e9sitez pas \u00e0 m&rsquo;\u00e9crire un petit mot \u00e0 propos d&rsquo;un article, un voyage ou une information d&rsquo;une destination. Ou si vous souhaitez voir paraitre un sujet interessant sur le blog.\u00a0Professionnels &amp; partenariats, je vous invite \u00e0 consulter la section Partenariats.<\/p>","protected":false},"author":2,"featured_media":0,"parent":0,"menu_order":0,"comment_status":"closed","ping_status":"closed","template":"","meta":{"footnotes":""},"class_list":["post-29282","page","type-page","status-publish","hentry"],"yoast_head":"<!-- This site is optimized with the Yoast SEO plugin v27.3 - https:\/\/yoast.com\/product\/yoast-seo-wordpress\/ -->\n<title>Contact - Les moustaches en vadrouille<\/title>\n<meta name=\"robots\" content=\"index, follow, max-snippet:-1, max-image-preview:large, max-video-preview:-1\" \/>\n<link rel=\"canonical\" href=\"https:\/\/www.lesmoustachesenvadrouille.com\/es\/contact\/\" \/>\n<meta property=\"og:locale\" content=\"es_ES\" \/>\n<meta property=\"og:type\" content=\"article\" \/>\n<meta property=\"og:title\" content=\"Contact - Les moustaches en vadrouille\" \/>\n<meta property=\"og:description\" content=\"Contactez-moi N&rsquo;h\u00e9sitez pas \u00e0 m&rsquo;\u00e9crire un petit mot \u00e0 propos d&rsquo;un article, un voyage ou une information d&rsquo;une destination. Ou si vous souhaitez voir paraitre un sujet interessant sur le blog.\u00a0Professionnels &amp; partenariats, je vous invite \u00e0 consulter la section Partenariats.\" \/>\n<meta property=\"og:url\" content=\"https:\/\/www.lesmoustachesenvadrouille.com\/es\/contact\/\" \/>\n<meta property=\"og:site_name\" content=\"Les moustaches en vadrouille\" \/>\n<meta property=\"article:publisher\" content=\"https:\/\/www.facebook.com\/lesmoustachesenvadrouille\/\" \/>\n<meta property=\"article:modified_time\" content=\"2025-11-04T22:11:08+00:00\" \/>\n<meta name=\"twitter:card\" content=\"summary_large_image\" \/>\n<meta name=\"twitter:label1\" content=\"Tiempo de lectura\" \/>\n\t<meta name=\"twitter:data1\" content=\"1 minuto\" \/>\n<script type=\"application\/ld+json\" class=\"yoast-schema-graph\">{\"@context\":\"https:\\\/\\\/schema.org\",\"@graph\":[{\"@type\":\"WebPage\",\"@id\":\"https:\\\/\\\/www.lesmoustachesenvadrouille.com\\\/contact\\\/\",\"url\":\"https:\\\/\\\/www.lesmoustachesenvadrouille.com\\\/contact\\\/\",\"name\":\"Contact - Les moustaches en vadrouille\",\"isPartOf\":{\"@id\":\"https:\\\/\\\/www.lesmoustachesenvadrouille.com\\\/#website\"},\"datePublished\":\"2025-01-31T10:26:03+00:00\",\"dateModified\":\"2025-11-04T22:11:08+00:00\",\"breadcrumb\":{\"@id\":\"https:\\\/\\\/www.lesmoustachesenvadrouille.com\\\/contact\\\/#breadcrumb\"},\"inLanguage\":\"es\",\"potentialAction\":[{\"@type\":\"ReadAction\",\"target\":[\"https:\\\/\\\/www.lesmoustachesenvadrouille.com\\\/contact\\\/\"]}]},{\"@type\":\"BreadcrumbList\",\"@id\":\"https:\\\/\\\/www.lesmoustachesenvadrouille.com\\\/contact\\\/#breadcrumb\",\"itemListElement\":[{\"@type\":\"ListItem\",\"position\":1,\"name\":\"Accueil\",\"item\":\"https:\\\/\\\/www.lesmoustachesenvadrouille.com\\\/\"},{\"@type\":\"ListItem\",\"position\":2,\"name\":\"Contact\"}]},{\"@type\":\"WebSite\",\"@id\":\"https:\\\/\\\/www.lesmoustachesenvadrouille.com\\\/#website\",\"url\":\"https:\\\/\\\/www.lesmoustachesenvadrouille.com\\\/\",\"name\":\"Les moustaches en vadrouille\",\"description\":\"\",\"publisher\":{\"@id\":\"https:\\\/\\\/www.lesmoustachesenvadrouille.com\\\/#organization\"},\"potentialAction\":[{\"@type\":\"SearchAction\",\"target\":{\"@type\":\"EntryPoint\",\"urlTemplate\":\"https:\\\/\\\/www.lesmoustachesenvadrouille.com\\\/?s={search_term_string}\"},\"query-input\":{\"@type\":\"PropertyValueSpecification\",\"valueRequired\":true,\"valueName\":\"search_term_string\"}}],\"inLanguage\":\"es\"},{\"@type\":\"Organization\",\"@id\":\"https:\\\/\\\/www.lesmoustachesenvadrouille.com\\\/#organization\",\"name\":\"Les moustaches en vadrouille\",\"url\":\"https:\\\/\\\/www.lesmoustachesenvadrouille.com\\\/\",\"logo\":{\"@type\":\"ImageObject\",\"inLanguage\":\"es\",\"@id\":\"https:\\\/\\\/www.lesmoustachesenvadrouille.com\\\/#\\\/schema\\\/logo\\\/image\\\/\",\"url\":\"https:\\\/\\\/www.lesmoustachesenvadrouille.com\\\/wp-content\\\/uploads\\\/logo-moustaches-2025-HD-1.webp\",\"contentUrl\":\"https:\\\/\\\/www.lesmoustachesenvadrouille.com\\\/wp-content\\\/uploads\\\/logo-moustaches-2025-HD-1.webp\",\"width\":2099,\"height\":394,\"caption\":\"Les moustaches en vadrouille\"},\"image\":{\"@id\":\"https:\\\/\\\/www.lesmoustachesenvadrouille.com\\\/#\\\/schema\\\/logo\\\/image\\\/\"},\"sameAs\":[\"https:\\\/\\\/www.facebook.com\\\/lesmoustachesenvadrouille\\\/\",\"https:\\\/\\\/www.instagram.com\\\/lesmoustachesenvadrouille\\\/\",\"https:\\\/\\\/fr.pinterest.com\\\/wanderlustmoustaches\\\/\"]}]}<\/script>\n<!-- \/ Yoast SEO plugin. -->","yoast_head_json":{"title":"Contact - Les moustaches en vadrouille","robots":{"index":"index","follow":"follow","max-snippet":"max-snippet:-1","max-image-preview":"max-image-preview:large","max-video-preview":"max-video-preview:-1"},"canonical":"https:\/\/www.lesmoustachesenvadrouille.com\/es\/contact\/","og_locale":"es_ES","og_type":"article","og_title":"Contact - Les moustaches en vadrouille","og_description":"Contactez-moi N&rsquo;h\u00e9sitez pas \u00e0 m&rsquo;\u00e9crire un petit mot \u00e0 propos d&rsquo;un article, un voyage ou une information d&rsquo;une destination. Ou si vous souhaitez voir paraitre un sujet interessant sur le blog.\u00a0Professionnels &amp; partenariats, je vous invite \u00e0 consulter la section Partenariats.","og_url":"https:\/\/www.lesmoustachesenvadrouille.com\/es\/contact\/","og_site_name":"Les moustaches en vadrouille","article_publisher":"https:\/\/www.facebook.com\/lesmoustachesenvadrouille\/","article_modified_time":"2025-11-04T22:11:08+00:00","twitter_card":"summary_large_image","twitter_misc":{"Tiempo de lectura":"1 minuto"},"schema":{"@context":"https:\/\/schema.org","@graph":[{"@type":"WebPage","@id":"https:\/\/www.lesmoustachesenvadrouille.com\/contact\/","url":"https:\/\/www.lesmoustachesenvadrouille.com\/contact\/","name":"Contact - Les moustaches en vadrouille","isPartOf":{"@id":"https:\/\/www.lesmoustachesenvadrouille.com\/#website"},"datePublished":"2025-01-31T10:26:03+00:00","dateModified":"2025-11-04T22:11:08+00:00","breadcrumb":{"@id":"https:\/\/www.lesmoustachesenvadrouille.com\/contact\/#breadcrumb"},"inLanguage":"es","potentialAction":[{"@type":"ReadAction","target":["https:\/\/www.lesmoustachesenvadrouille.com\/contact\/"]}]},{"@type":"BreadcrumbList","@id":"https:\/\/www.lesmoustachesenvadrouille.com\/contact\/#breadcrumb","itemListElement":[{"@type":"ListItem","position":1,"name":"Accueil","item":"https:\/\/www.lesmoustachesenvadrouille.com\/"},{"@type":"ListItem","position":2,"name":"Contact"}]},{"@type":"WebSite","@id":"https:\/\/www.lesmoustachesenvadrouille.com\/#website","url":"https:\/\/www.lesmoustachesenvadrouille.com\/","name":"Les moustaches en vadrouille","description":"","publisher":{"@id":"https:\/\/www.lesmoustachesenvadrouille.com\/#organization"},"potentialAction":[{"@type":"SearchAction","target":{"@type":"EntryPoint","urlTemplate":"https:\/\/www.lesmoustachesenvadrouille.com\/?s={search_term_string}"},"query-input":{"@type":"PropertyValueSpecification","valueRequired":true,"valueName":"search_term_string"}}],"inLanguage":"es"},{"@type":"Organization","@id":"https:\/\/www.lesmoustachesenvadrouille.com\/#organization","name":"Les moustaches en vadrouille","url":"https:\/\/www.lesmoustachesenvadrouille.com\/","logo":{"@type":"ImageObject","inLanguage":"es","@id":"https:\/\/www.lesmoustachesenvadrouille.com\/#\/schema\/logo\/image\/","url":"https:\/\/www.lesmoustachesenvadrouille.com\/wp-content\/uploads\/logo-moustaches-2025-HD-1.webp","contentUrl":"https:\/\/www.lesmoustachesenvadrouille.com\/wp-content\/uploads\/logo-moustaches-2025-HD-1.webp","width":2099,"height":394,"caption":"Les moustaches en vadrouille"},"image":{"@id":"https:\/\/www.lesmoustachesenvadrouille.com\/#\/schema\/logo\/image\/"},"sameAs":["https:\/\/www.facebook.com\/lesmoustachesenvadrouille\/","https:\/\/www.instagram.com\/lesmoustachesenvadrouille\/","https:\/\/fr.pinterest.com\/wanderlustmoustaches\/"]}]}},"_links":{"self":[{"href":"https:\/\/www.lesmoustachesenvadrouille.com\/es\/wp-json\/wp\/v2\/pages\/29282","targetHints":{"allow":["GET"]}}],"collection":[{"href":"https:\/\/www.lesmoustachesenvadrouille.com\/es\/wp-json\/wp\/v2\/pages"}],"about":[{"href":"https:\/\/www.lesmoustachesenvadrouille.com\/es\/wp-json\/wp\/v2\/types\/page"}],"author":[{"embeddable":true,"href":"https:\/\/www.lesmoustachesenvadrouille.com\/es\/wp-json\/wp\/v2\/users\/2"}],"replies":[{"embeddable":true,"href":"https:\/\/www.lesmoustachesenvadrouille.com\/es\/wp-json\/wp\/v2\/comments?post=29282"}],"version-history":[{"count":6,"href":"https:\/\/www.lesmoustachesenvadrouille.com\/es\/wp-json\/wp\/v2\/pages\/29282\/revisions"}],"predecessor-version":[{"id":31059,"href":"https:\/\/www.lesmoustachesenvadrouille.com\/es\/wp-json\/wp\/v2\/pages\/29282\/revisions\/31059"}],"wp:attachment":[{"href":"https:\/\/www.lesmoustachesenvadrouille.com\/es\/wp-json\/wp\/v2\/media?parent=29282"}],"curies":[{"name":"wp","href":"https:\/\/api.w.org\/{rel}","templated":true}]}}