{"id":34125,"date":"2026-04-15T10:45:02","date_gmt":"2026-04-15T08:45:02","guid":{"rendered":"https:\/\/www.lesmoustachesenvadrouille.com\/?page_id=34125"},"modified":"2026-04-15T10:47:32","modified_gmt":"2026-04-15T08:47:32","slug":"conseils-photo","status":"publish","type":"page","link":"https:\/\/www.lesmoustachesenvadrouille.com\/es\/conseils-photo\/","title":{"rendered":"Conseils Photo"},"content":{"rendered":"<div data-elementor-type=\"wp-page\" data-elementor-id=\"34125\" class=\"elementor elementor-34125\" data-elementor-post-type=\"page\">\n\t\t\t\t<div class=\"elementor-element elementor-element-2902bcbf e-con-full e-flex e-con e-parent\" data-id=\"2902bcbf\" data-element_type=\"container\" data-e-type=\"container\" data-settings=\"{&quot;background_background&quot;:&quot;classic&quot;}\">\n\t\t<div class=\"elementor-element elementor-element-5b75fc20 e-flex e-con-boxed e-con e-child\" data-id=\"5b75fc20\" data-element_type=\"container\" data-e-type=\"container\" data-settings=\"{&quot;background_background&quot;:&quot;classic&quot;}\">\n\t\t\t\t\t<div class=\"e-con-inner\">\n\t\t\t\t\t<\/div>\n\t\t\t\t<\/div>\n\t\t<div class=\"elementor-element elementor-element-6ca8db6e e-flex e-con-boxed e-con e-child\" data-id=\"6ca8db6e\" data-element_type=\"container\" data-e-type=\"container\">\n\t\t\t\t\t<div class=\"e-con-inner\">\n\t\t<div class=\"elementor-element elementor-element-17536e79 e-con-full animated-slow e-flex elementor-invisible e-con e-child\" data-id=\"17536e79\" data-element_type=\"container\" data-e-type=\"container\" data-settings=\"{&quot;background_background&quot;:&quot;classic&quot;,&quot;animation&quot;:&quot;fadeInUp&quot;,&quot;animation_delay&quot;:600}\">\n\t\t\t\t<div class=\"elementor-element elementor-element-8eaf5d2 animated-slow elementor-invisible elementor-widget elementor-widget-heading\" data-id=\"8eaf5d2\" data-element_type=\"widget\" data-e-type=\"widget\" data-settings=\"{&quot;_animation&quot;:&quot;fadeInUp&quot;,&quot;_animation_delay&quot;:500}\" data-widget_type=\"heading.default\">\n\t\t\t\t<div class=\"elementor-widget-container\">\n\t\t\t\t\t<h2 class=\"elementor-heading-title elementor-size-default\">PHOTOGRAPHIE<\/h2>\t\t\t\t<\/div>\n\t\t\t\t<\/div>\n\t\t\t\t<div class=\"elementor-element elementor-element-74e04526 e-transform elementor-view-default elementor-widget elementor-widget-icon\" data-id=\"74e04526\" data-element_type=\"widget\" data-e-type=\"widget\" data-settings=\"{&quot;_transform_translateY_effect_hover&quot;:{&quot;unit&quot;:&quot;px&quot;,&quot;size&quot;:23,&quot;sizes&quot;:[]},&quot;_transform_translateX_effect_hover&quot;:{&quot;unit&quot;:&quot;px&quot;,&quot;size&quot;:&quot;&quot;,&quot;sizes&quot;:[]},&quot;_transform_translateX_effect_hover_tablet&quot;:{&quot;unit&quot;:&quot;px&quot;,&quot;size&quot;:&quot;&quot;,&quot;sizes&quot;:[]},&quot;_transform_translateX_effect_hover_mobile&quot;:{&quot;unit&quot;:&quot;px&quot;,&quot;size&quot;:&quot;&quot;,&quot;sizes&quot;:[]},&quot;_transform_translateY_effect_hover_tablet&quot;:{&quot;unit&quot;:&quot;px&quot;,&quot;size&quot;:&quot;&quot;,&quot;sizes&quot;:[]},&quot;_transform_translateY_effect_hover_mobile&quot;:{&quot;unit&quot;:&quot;px&quot;,&quot;size&quot;:&quot;&quot;,&quot;sizes&quot;:[]}}\" data-widget_type=\"icon.default\">\n\t\t\t\t<div class=\"elementor-widget-container\">\n\t\t\t\t\t\t\t<div class=\"elementor-icon-wrapper\">\n\t\t\t<div class=\"elementor-icon\">\n\t\t\t<svg aria-hidden=\"true\" class=\"e-font-icon-svg e-fas-long-arrow-alt-down\" viewbox=\"0 0 256 512\" xmlns=\"http:\/\/www.w3.org\/2000\/svg\"><path d=\"M168 345.941V44c0-6.627-5.373-12-12-12h-56c-6.627 0-12 5.373-12 12v301.941H41.941c-21.382 0-32.09 25.851-16.971 40.971l86.059 86.059c9.373 9.373 24.569 9.373 33.941 0l86.059-86.059c15.119-15.119 4.411-40.971-16.971-40.971H168z\"><\/path><\/svg>\t\t\t<\/div>\n\t\t<\/div>\n\t\t\t\t\t\t<\/div>\n\t\t\t\t<\/div>\n\t\t\t\t<\/div>\n\t\t\t\t\t<\/div>\n\t\t\t\t<\/div>\n\t\t\t\t<\/div>\n\t\t<div class=\"elementor-element elementor-element-2f36211 e-flex e-con-boxed e-con e-parent\" data-id=\"2f36211\" data-element_type=\"container\" data-e-type=\"container\" data-settings=\"{&quot;background_background&quot;:&quot;classic&quot;}\">\n\t\t\t\t\t<div class=\"e-con-inner\">\n\t\t\t\t<div class=\"elementor-element elementor-element-50e1d9d elementor-grid-3 elementor-grid-tablet-2 elementor-grid-mobile-1 elementor-posts--thumbnail-top load-more-align-center elementor-widget elementor-widget-posts\" data-id=\"50e1d9d\" data-element_type=\"widget\" data-e-type=\"widget\" data-settings=\"{&quot;pagination_type&quot;:&quot;load_more_on_click&quot;,&quot;classic_columns&quot;:&quot;3&quot;,&quot;classic_columns_tablet&quot;:&quot;2&quot;,&quot;classic_columns_mobile&quot;:&quot;1&quot;,&quot;classic_row_gap&quot;:{&quot;unit&quot;:&quot;px&quot;,&quot;size&quot;:35,&quot;sizes&quot;:[]},&quot;classic_row_gap_tablet&quot;:{&quot;unit&quot;:&quot;px&quot;,&quot;size&quot;:&quot;&quot;,&quot;sizes&quot;:[]},&quot;classic_row_gap_mobile&quot;:{&quot;unit&quot;:&quot;px&quot;,&quot;size&quot;:&quot;&quot;,&quot;sizes&quot;:[]},&quot;load_more_spinner&quot;:{&quot;value&quot;:&quot;fas fa-spinner&quot;,&quot;library&quot;:&quot;fa-solid&quot;}}\" data-widget_type=\"posts.classic\">\n\t\t\t\t<div class=\"elementor-widget-container\">\n\t\t\t\t\t\t\t<div class=\"elementor-posts-container elementor-posts elementor-posts--skin-classic elementor-grid\" role=\"list\">\n\t\t\t\t<article class=\"elementor-post elementor-grid-item post-12861 post type-post status-publish format-standard has-post-thumbnail hentry category-conseils-astuces-voyage category-conseil-photo tag-photographie\" role=\"listitem\">\n\t\t\t\t<a class=\"elementor-post__thumbnail__link\" href=\"https:\/\/www.lesmoustachesenvadrouille.com\/es\/comment-photographier-l-heure-bleue\/\" tabindex=\"-1\" >\n\t\t\t<div class=\"elementor-post__thumbnail\"><img fetchpriority=\"high\" decoding=\"async\" width=\"1280\" height=\"853\" src=\"https:\/\/www.lesmoustachesenvadrouille.com\/wp-content\/uploads\/moustachesenvadrouille-sabinekley-birmanie-myanmar-ngapali-plage-restaurant-pleasant-view-islet-nuit.jpg\" class=\"attachment-full size-full wp-image-30552\" alt=\"Vue de pleasant view islet au coucher de soleil sur la plage de Ngapali au Myanmar Birmanie en 2015\" srcset=\"https:\/\/www.lesmoustachesenvadrouille.com\/wp-content\/uploads\/moustachesenvadrouille-sabinekley-birmanie-myanmar-ngapali-plage-restaurant-pleasant-view-islet-nuit.jpg 1280w, https:\/\/www.lesmoustachesenvadrouille.com\/wp-content\/uploads\/moustachesenvadrouille-sabinekley-birmanie-myanmar-ngapali-plage-restaurant-pleasant-view-islet-nuit-600x400.jpg 600w, https:\/\/www.lesmoustachesenvadrouille.com\/wp-content\/uploads\/moustachesenvadrouille-sabinekley-birmanie-myanmar-ngapali-plage-restaurant-pleasant-view-islet-nuit-768x512.jpg 768w\" sizes=\"(max-width: 1280px) 100vw, 1280px\" \/><\/div>\n\t\t<\/a>\n\t\t\t\t<div class=\"elementor-post__text\">\n\t\t\t\t<h3 class=\"elementor-post__title\">\n\t\t\t<a href=\"https:\/\/www.lesmoustachesenvadrouille.com\/es\/comment-photographier-l-heure-bleue\/\" >\n\t\t\t\tConseils pour photographier l&rsquo;heure bleue\t\t\t<\/a>\n\t\t<\/h3>\n\t\t\t\t<div class=\"elementor-post__meta-data\">\n\t\t\t\t\t<span class=\"elementor-post-date\">\n\t\t\t15 abril 2026\t\t<\/span>\n\t\t\t\t<span class=\"elementor-post-avatar\">\n\t\t\tNo hay comentarios\t\t<\/span>\n\t\t\t\t<\/div>\n\t\t\n\t\t<a class=\"elementor-post__read-more\" href=\"https:\/\/www.lesmoustachesenvadrouille.com\/es\/comment-photographier-l-heure-bleue\/\" aria-label=\"M\u00e1s informaci\u00f3n sobre Conseils pour photographier l&rsquo;heure bleue\" tabindex=\"-1\" >\n\t\t\tLire l'article\t\t<\/a>\n\n\t\t\t\t<\/div>\n\t\t\t\t<\/article>\n\t\t\t\t<article class=\"elementor-post elementor-grid-item post-12867 post type-post status-publish format-standard has-post-thumbnail hentry category-conseils-astuces-voyage category-non-classe category-conseil-photo tag-photographie\" role=\"listitem\">\n\t\t\t\t<a class=\"elementor-post__thumbnail__link\" href=\"https:\/\/www.lesmoustachesenvadrouille.com\/es\/conseils-photographier-heure-doree\/\" tabindex=\"-1\" >\n\t\t\t<div class=\"elementor-post__thumbnail\"><img decoding=\"async\" width=\"1920\" height=\"1280\" src=\"https:\/\/www.lesmoustachesenvadrouille.com\/wp-content\/uploads\/moustachesenvadrouille-sabinekley-birmanie-myanmar-lac-inle-pecheur-intha.jpg\" class=\"attachment-full size-full wp-image-30610\" alt=\"Portrait d&#039;un p\u00eacheur Intha au coucher du soleil sur le lac Inle au Myanmar Birmanie en Asie\" \/><\/div>\n\t\t<\/a>\n\t\t\t\t<div class=\"elementor-post__text\">\n\t\t\t\t<h3 class=\"elementor-post__title\">\n\t\t\t<a href=\"https:\/\/www.lesmoustachesenvadrouille.com\/es\/conseils-photographier-heure-doree\/\" >\n\t\t\t\t5 conseils pour photographier l&rsquo;heure dor\u00e9e\t\t\t<\/a>\n\t\t<\/h3>\n\t\t\t\t<div class=\"elementor-post__meta-data\">\n\t\t\t\t\t<span class=\"elementor-post-date\">\n\t\t\t13 abril 2026\t\t<\/span>\n\t\t\t\t<span class=\"elementor-post-avatar\">\n\t\t\tNo hay comentarios\t\t<\/span>\n\t\t\t\t<\/div>\n\t\t\n\t\t<a class=\"elementor-post__read-more\" href=\"https:\/\/www.lesmoustachesenvadrouille.com\/es\/conseils-photographier-heure-doree\/\" aria-label=\"M\u00e1s informaci\u00f3n sobre 5 conseils pour photographier l&rsquo;heure dor\u00e9e\" tabindex=\"-1\" >\n\t\t\tLire l'article\t\t<\/a>\n\n\t\t\t\t<\/div>\n\t\t\t\t<\/article>\n\t\t\t\t<article class=\"elementor-post elementor-grid-item post-33486 post type-post status-publish format-standard has-post-thumbnail hentry category-conseils-astuces-voyage category-materiel category-conseil-photo tag-photographie\" role=\"listitem\">\n\t\t\t\t<a class=\"elementor-post__thumbnail__link\" href=\"https:\/\/www.lesmoustachesenvadrouille.com\/es\/materiel-photo-voyage\/\" tabindex=\"-1\" >\n\t\t\t<div class=\"elementor-post__thumbnail\"><img decoding=\"async\" width=\"2048\" height=\"1365\" src=\"https:\/\/www.lesmoustachesenvadrouille.com\/wp-content\/uploads\/sabinekley-voyage-sri-lanka-negombo-bus-autoportrait.jpg\" class=\"attachment-full size-full wp-image-26437\" alt=\"\" srcset=\"https:\/\/www.lesmoustachesenvadrouille.com\/wp-content\/uploads\/sabinekley-voyage-sri-lanka-negombo-bus-autoportrait.jpg 2048w, https:\/\/www.lesmoustachesenvadrouille.com\/wp-content\/uploads\/sabinekley-voyage-sri-lanka-negombo-bus-autoportrait-1024x683.jpg 1024w, https:\/\/www.lesmoustachesenvadrouille.com\/wp-content\/uploads\/sabinekley-voyage-sri-lanka-negombo-bus-autoportrait-350x233.jpg 350w, https:\/\/www.lesmoustachesenvadrouille.com\/wp-content\/uploads\/sabinekley-voyage-sri-lanka-negombo-bus-autoportrait-768x512.jpg 768w, https:\/\/www.lesmoustachesenvadrouille.com\/wp-content\/uploads\/sabinekley-voyage-sri-lanka-negombo-bus-autoportrait-1536x1024.jpg 1536w\" sizes=\"(max-width: 2048px) 100vw, 2048px\" \/><\/div>\n\t\t<\/a>\n\t\t\t\t<div class=\"elementor-post__text\">\n\t\t\t\t<h3 class=\"elementor-post__title\">\n\t\t\t<a href=\"https:\/\/www.lesmoustachesenvadrouille.com\/es\/materiel-photo-voyage\/\" >\n\t\t\t\tMon mat\u00e9riel photo de voyage : objectifs, tr\u00e9pied, sac et accessoires (kit complet)\t\t\t<\/a>\n\t\t<\/h3>\n\t\t\t\t<div class=\"elementor-post__meta-data\">\n\t\t\t\t\t<span class=\"elementor-post-date\">\n\t\t\t11 abril 2026\t\t<\/span>\n\t\t\t\t<span class=\"elementor-post-avatar\">\n\t\t\tNo hay comentarios\t\t<\/span>\n\t\t\t\t<\/div>\n\t\t\n\t\t<a class=\"elementor-post__read-more\" href=\"https:\/\/www.lesmoustachesenvadrouille.com\/es\/materiel-photo-voyage\/\" aria-label=\"M\u00e1s informaci\u00f3n sobre Mon mat\u00e9riel photo de voyage : objectifs, tr\u00e9pied, sac et accessoires (kit complet)\" tabindex=\"-1\" >\n\t\t\tLire l'article\t\t<\/a>\n\n\t\t\t\t<\/div>\n\t\t\t\t<\/article>\n\t\t\t\t<\/div>\n\t\t\t\t\t<span class=\"e-load-more-spinner\">\n\t\t\t\t<svg aria-hidden=\"true\" class=\"e-font-icon-svg e-fas-spinner\" viewbox=\"0 0 512 512\" xmlns=\"http:\/\/www.w3.org\/2000\/svg\"><path d=\"M304 48c0 26.51-21.49 48-48 48s-48-21.49-48-48 21.49-48 48-48 48 21.49 48 48zm-48 368c-26.51 0-48 21.49-48 48s21.49 48 48 48 48-21.49 48-48-21.49-48-48-48zm208-208c-26.51 0-48 21.49-48 48s21.49 48 48 48 48-21.49 48-48-21.49-48-48-48zM96 256c0-26.51-21.49-48-48-48S0 229.49 0 256s21.49 48 48 48 48-21.49 48-48zm12.922 99.078c-26.51 0-48 21.49-48 48s21.49 48 48 48 48-21.49 48-48c0-26.509-21.491-48-48-48zm294.156 0c-26.51 0-48 21.49-48 48s21.49 48 48 48 48-21.49 48-48c0-26.509-21.49-48-48-48zM108.922 60.922c-26.51 0-48 21.49-48 48s21.49 48 48 48 48-21.49 48-48-21.491-48-48-48z\"><\/path><\/svg>\t\t\t<\/span>\n\t\t\n\t\t\t\t\t\t<\/div>\n\t\t\t\t<\/div>\n\t\t\t\t\t<\/div>\n\t\t\t\t<\/div>\n\t\t\t\t<\/div>","protected":false},"excerpt":{"rendered":"<p>PHOTOGRAPHIE<\/p>","protected":false},"author":2,"featured_media":0,"parent":0,"menu_order":0,"comment_status":"closed","ping_status":"closed","template":"","meta":{"footnotes":""},"class_list":["post-34125","page","type-page","status-publish","hentry"],"yoast_head":"<!-- This site is optimized with the Yoast SEO plugin v27.4 - https:\/\/yoast.com\/product\/yoast-seo-wordpress\/ -->\n<title>Conseils Photo - Les moustaches en vadrouille<\/title>\n<meta name=\"robots\" content=\"index, follow, max-snippet:-1, max-image-preview:large, max-video-preview:-1\" \/>\n<link rel=\"canonical\" href=\"https:\/\/www.lesmoustachesenvadrouille.com\/es\/conseils-photo\/\" \/>\n<meta property=\"og:locale\" content=\"es_ES\" \/>\n<meta property=\"og:type\" content=\"article\" \/>\n<meta property=\"og:title\" content=\"Conseils Photo - Les moustaches en vadrouille\" \/>\n<meta property=\"og:description\" content=\"PHOTOGRAPHIE\" \/>\n<meta property=\"og:url\" content=\"https:\/\/www.lesmoustachesenvadrouille.com\/es\/conseils-photo\/\" \/>\n<meta property=\"og:site_name\" content=\"Les moustaches en vadrouille\" \/>\n<meta property=\"article:publisher\" content=\"https:\/\/www.facebook.com\/lesmoustachesenvadrouille\/\" \/>\n<meta property=\"article:modified_time\" content=\"2026-04-15T08:47:32+00:00\" \/>\n<meta name=\"twitter:card\" content=\"summary_large_image\" \/>\n<meta name=\"twitter:label1\" content=\"Tiempo de lectura\" \/>\n\t<meta name=\"twitter:data1\" content=\"1 minuto\" \/>\n<script type=\"application\/ld+json\" class=\"yoast-schema-graph\">{\"@context\":\"https:\\\/\\\/schema.org\",\"@graph\":[{\"@type\":\"WebPage\",\"@id\":\"https:\\\/\\\/www.lesmoustachesenvadrouille.com\\\/conseils-photo\\\/\",\"url\":\"https:\\\/\\\/www.lesmoustachesenvadrouille.com\\\/conseils-photo\\\/\",\"name\":\"Conseils Photo - Les moustaches en vadrouille\",\"isPartOf\":{\"@id\":\"https:\\\/\\\/www.lesmoustachesenvadrouille.com\\\/#website\"},\"datePublished\":\"2026-04-15T08:45:02+00:00\",\"dateModified\":\"2026-04-15T08:47:32+00:00\",\"breadcrumb\":{\"@id\":\"https:\\\/\\\/www.lesmoustachesenvadrouille.com\\\/conseils-photo\\\/#breadcrumb\"},\"inLanguage\":\"es\",\"potentialAction\":[{\"@type\":\"ReadAction\",\"target\":[\"https:\\\/\\\/www.lesmoustachesenvadrouille.com\\\/conseils-photo\\\/\"]}]},{\"@type\":\"BreadcrumbList\",\"@id\":\"https:\\\/\\\/www.lesmoustachesenvadrouille.com\\\/conseils-photo\\\/#breadcrumb\",\"itemListElement\":[{\"@type\":\"ListItem\",\"position\":1,\"name\":\"Accueil\",\"item\":\"https:\\\/\\\/www.lesmoustachesenvadrouille.com\\\/\"},{\"@type\":\"ListItem\",\"position\":2,\"name\":\"Conseils Photo\"}]},{\"@type\":\"WebSite\",\"@id\":\"https:\\\/\\\/www.lesmoustachesenvadrouille.com\\\/#website\",\"url\":\"https:\\\/\\\/www.lesmoustachesenvadrouille.com\\\/\",\"name\":\"Les moustaches en vadrouille\",\"description\":\"\",\"publisher\":{\"@id\":\"https:\\\/\\\/www.lesmoustachesenvadrouille.com\\\/#organization\"},\"potentialAction\":[{\"@type\":\"SearchAction\",\"target\":{\"@type\":\"EntryPoint\",\"urlTemplate\":\"https:\\\/\\\/www.lesmoustachesenvadrouille.com\\\/?s={search_term_string}\"},\"query-input\":{\"@type\":\"PropertyValueSpecification\",\"valueRequired\":true,\"valueName\":\"search_term_string\"}}],\"inLanguage\":\"es\"},{\"@type\":\"Organization\",\"@id\":\"https:\\\/\\\/www.lesmoustachesenvadrouille.com\\\/#organization\",\"name\":\"Les moustaches en vadrouille\",\"url\":\"https:\\\/\\\/www.lesmoustachesenvadrouille.com\\\/\",\"logo\":{\"@type\":\"ImageObject\",\"inLanguage\":\"es\",\"@id\":\"https:\\\/\\\/www.lesmoustachesenvadrouille.com\\\/#\\\/schema\\\/logo\\\/image\\\/\",\"url\":\"https:\\\/\\\/www.lesmoustachesenvadrouille.com\\\/wp-content\\\/uploads\\\/logo-moustaches-2025-HD-1.webp\",\"contentUrl\":\"https:\\\/\\\/www.lesmoustachesenvadrouille.com\\\/wp-content\\\/uploads\\\/logo-moustaches-2025-HD-1.webp\",\"width\":2099,\"height\":394,\"caption\":\"Les moustaches en vadrouille\"},\"image\":{\"@id\":\"https:\\\/\\\/www.lesmoustachesenvadrouille.com\\\/#\\\/schema\\\/logo\\\/image\\\/\"},\"sameAs\":[\"https:\\\/\\\/www.facebook.com\\\/lesmoustachesenvadrouille\\\/\",\"https:\\\/\\\/www.instagram.com\\\/lesmoustachesenvadrouille\\\/\",\"https:\\\/\\\/fr.pinterest.com\\\/wanderlustmoustaches\\\/\"]}]}<\/script>\n<!-- \/ Yoast SEO plugin. -->","yoast_head_json":{"title":"Conseils Photo - Les moustaches en vadrouille","robots":{"index":"index","follow":"follow","max-snippet":"max-snippet:-1","max-image-preview":"max-image-preview:large","max-video-preview":"max-video-preview:-1"},"canonical":"https:\/\/www.lesmoustachesenvadrouille.com\/es\/conseils-photo\/","og_locale":"es_ES","og_type":"article","og_title":"Conseils Photo - Les moustaches en vadrouille","og_description":"PHOTOGRAPHIE","og_url":"https:\/\/www.lesmoustachesenvadrouille.com\/es\/conseils-photo\/","og_site_name":"Les moustaches en vadrouille","article_publisher":"https:\/\/www.facebook.com\/lesmoustachesenvadrouille\/","article_modified_time":"2026-04-15T08:47:32+00:00","twitter_card":"summary_large_image","twitter_misc":{"Tiempo de lectura":"1 minuto"},"schema":{"@context":"https:\/\/schema.org","@graph":[{"@type":"WebPage","@id":"https:\/\/www.lesmoustachesenvadrouille.com\/conseils-photo\/","url":"https:\/\/www.lesmoustachesenvadrouille.com\/conseils-photo\/","name":"Conseils Photo - Les moustaches en vadrouille","isPartOf":{"@id":"https:\/\/www.lesmoustachesenvadrouille.com\/#website"},"datePublished":"2026-04-15T08:45:02+00:00","dateModified":"2026-04-15T08:47:32+00:00","breadcrumb":{"@id":"https:\/\/www.lesmoustachesenvadrouille.com\/conseils-photo\/#breadcrumb"},"inLanguage":"es","potentialAction":[{"@type":"ReadAction","target":["https:\/\/www.lesmoustachesenvadrouille.com\/conseils-photo\/"]}]},{"@type":"BreadcrumbList","@id":"https:\/\/www.lesmoustachesenvadrouille.com\/conseils-photo\/#breadcrumb","itemListElement":[{"@type":"ListItem","position":1,"name":"Accueil","item":"https:\/\/www.lesmoustachesenvadrouille.com\/"},{"@type":"ListItem","position":2,"name":"Conseils Photo"}]},{"@type":"WebSite","@id":"https:\/\/www.lesmoustachesenvadrouille.com\/#website","url":"https:\/\/www.lesmoustachesenvadrouille.com\/","name":"Les moustaches en vadrouille","description":"","publisher":{"@id":"https:\/\/www.lesmoustachesenvadrouille.com\/#organization"},"potentialAction":[{"@type":"SearchAction","target":{"@type":"EntryPoint","urlTemplate":"https:\/\/www.lesmoustachesenvadrouille.com\/?s={search_term_string}"},"query-input":{"@type":"PropertyValueSpecification","valueRequired":true,"valueName":"search_term_string"}}],"inLanguage":"es"},{"@type":"Organization","@id":"https:\/\/www.lesmoustachesenvadrouille.com\/#organization","name":"Les moustaches en vadrouille","url":"https:\/\/www.lesmoustachesenvadrouille.com\/","logo":{"@type":"ImageObject","inLanguage":"es","@id":"https:\/\/www.lesmoustachesenvadrouille.com\/#\/schema\/logo\/image\/","url":"https:\/\/www.lesmoustachesenvadrouille.com\/wp-content\/uploads\/logo-moustaches-2025-HD-1.webp","contentUrl":"https:\/\/www.lesmoustachesenvadrouille.com\/wp-content\/uploads\/logo-moustaches-2025-HD-1.webp","width":2099,"height":394,"caption":"Les moustaches en vadrouille"},"image":{"@id":"https:\/\/www.lesmoustachesenvadrouille.com\/#\/schema\/logo\/image\/"},"sameAs":["https:\/\/www.facebook.com\/lesmoustachesenvadrouille\/","https:\/\/www.instagram.com\/lesmoustachesenvadrouille\/","https:\/\/fr.pinterest.com\/wanderlustmoustaches\/"]}]}},"_links":{"self":[{"href":"https:\/\/www.lesmoustachesenvadrouille.com\/es\/wp-json\/wp\/v2\/pages\/34125","targetHints":{"allow":["GET"]}}],"collection":[{"href":"https:\/\/www.lesmoustachesenvadrouille.com\/es\/wp-json\/wp\/v2\/pages"}],"about":[{"href":"https:\/\/www.lesmoustachesenvadrouille.com\/es\/wp-json\/wp\/v2\/types\/page"}],"author":[{"embeddable":true,"href":"https:\/\/www.lesmoustachesenvadrouille.com\/es\/wp-json\/wp\/v2\/users\/2"}],"replies":[{"embeddable":true,"href":"https:\/\/www.lesmoustachesenvadrouille.com\/es\/wp-json\/wp\/v2\/comments?post=34125"}],"version-history":[{"count":4,"href":"https:\/\/www.lesmoustachesenvadrouille.com\/es\/wp-json\/wp\/v2\/pages\/34125\/revisions"}],"predecessor-version":[{"id":34129,"href":"https:\/\/www.lesmoustachesenvadrouille.com\/es\/wp-json\/wp\/v2\/pages\/34125\/revisions\/34129"}],"wp:attachment":[{"href":"https:\/\/www.lesmoustachesenvadrouille.com\/es\/wp-json\/wp\/v2\/media?parent=34125"}],"curies":[{"name":"wp","href":"https:\/\/api.w.org\/{rel}","templated":true}]}}